{"id":79,"date":"2012-02-26T09:02:45","date_gmt":"2012-02-26T09:02:45","guid":{"rendered":"http:\/\/www.tv-tuningen.de\/?page_id=79"},"modified":"2022-04-10T11:03:18","modified_gmt":"2022-04-10T11:03:18","slug":"vereinsheim","status":"publish","type":"page","link":"https:\/\/www.tv-tuningen.de\/?page_id=79","title":{"rendered":"Vereinsheim"},"content":{"rendered":"<p><a href=\"https:\/\/www.tv-tuningen.de\/wp-content\/uploads\/2012\/02\/heim04.jpg\" rel=\"lightbox[79]\"><img loading=\"lazy\" decoding=\"async\" class=\"alignnone size-full wp-image-105\" title=\"heim04\" src=\"https:\/\/www.tv-tuningen.de\/wp-content\/uploads\/2012\/02\/heim04.jpg\" alt=\"\" width=\"350\" height=\"285\" srcset=\"https:\/\/www.tv-tuningen.de\/wp-content\/uploads\/2012\/02\/heim04.jpg 350w, https:\/\/www.tv-tuningen.de\/wp-content\/uploads\/2012\/02\/heim04-300x244.jpg 300w\" sizes=\"auto, (max-width: 350px) 100vw, 350px\" \/><\/a><\/p>\n<p>Am 12. September 1999 wurde unser Vereinsheim mit einem Tag der offenen T\u00fcr offiziell eingeweiht und ist seither beliebter Treffpunkt f\u00fcr Jung und Alt.<\/p>\n<p>Ausgestattet mit einem gro\u00dfen Aufenthaltsraum bietet es f\u00fcr 40 Personen ausreichend Platz, um nach dem Tennisspielen bei einem k\u00fchlen Getr\u00e4nk gem\u00fctlich zusammen zu sitzen oder um die Feste so zu feiern, wie sie fallen.<\/p>\n<p>F\u00fcr die Bewirtung steht eine gro\u00dfe K\u00fcche parat, in der alle Einrichtungen zum Kochen und Bewirten vorhanden sind.<br \/>\n\u00dcber den Seiteneingang gelangt man zu zwei Umkleider\u00e4umen mit Duschen und Toiletten, die jedem Tennisspieler und Besucher zur Verf\u00fcgung stehen. Nach Aussage unserer Gastmannschaften ist unser Tennisheim somit bestens ausgestattet und rundet unsere Tennisanlage ideal ab.<\/p>\n<p><strong>Sie haben noch keinen Raum f\u00fcr Ihre (Familien-)Feier?<\/strong><\/p>\n<p><a href=\"https:\/\/www.tv-tuningen.de\/wp-content\/uploads\/2012\/02\/heim_pan2.jpg\" rel=\"lightbox[79]\"><img loading=\"lazy\" decoding=\"async\" class=\"alignnone size-full wp-image-102\" title=\"heim_pan\" src=\"https:\/\/www.tv-tuningen.de\/wp-content\/uploads\/2012\/02\/heim_pan.jpg\" alt=\"\" width=\"450\" height=\"176\" srcset=\"https:\/\/www.tv-tuningen.de\/wp-content\/uploads\/2012\/02\/heim_pan.jpg 450w, https:\/\/www.tv-tuningen.de\/wp-content\/uploads\/2012\/02\/heim_pan-300x117.jpg 300w\" sizes=\"auto, (max-width: 450px) 100vw, 450px\" \/><\/a><\/p>\n<p><strong>Egal, was Sie feiern m\u00f6chten,<\/strong><\/p>\n<p><strong>&#8230;mieten Sie doch einfach unser Tennisheim!<\/strong><\/p>\n<p>Der Mietpreis betr\u00e4gt pro Tag (inkl. K\u00fcchennutzung):<\/p>\n<ul>\n<li>f\u00fcr Mitglieder des Tennisverein Tuningen e.V. <strong>100,00 Euro<\/strong><\/li>\n<li>f\u00fcr Nichtmitglieder <strong>150,00 Euro<\/strong><\/li>\n<\/ul>\n<p>Bei Interesse schreiben Sie bitte eine E-Mail an unten stehende Adresse und bekommen dann alle weiteren Informationen sowie die Antwort auf die Frage, ob das Tennisheim an Ihrem gew\u00fcnschten Tag noch frei ist.<\/p>\n<p><a href=\"mailto:vermietung@tennisverein-tuningen.de\">E-Mail: vermietung@tennisverein-tuningen.de<\/a><\/p>\n","protected":false},"excerpt":{"rendered":"<p>Am 12. September 1999 wurde unser Vereinsheim mit einem Tag der offenen T\u00fcr offiziell eingeweiht und ist seither beliebter Treffpunkt f\u00fcr Jung und Alt. Ausgestattet mit einem gro\u00dfen Aufenthaltsraum bietet es f\u00fcr 40 Personen ausreichend Platz, um nach dem Tennisspielen &hellip; <a href=\"https:\/\/www.tv-tuningen.de\/?page_id=79\">Weiterlesen <span class=\"meta-nav\">&rarr;<\/span><\/a><\/p>\n","protected":false},"author":2,"featured_media":0,"parent":9,"menu_order":3,"comment_status":"closed","ping_status":"open","template":"sidebar-page.php","meta":{"ngg_post_thumbnail":0,"_mc_calendar":[],"footnotes":""},"class_list":["post-79","page","type-page","status-publish","hentry"],"_links":{"self":[{"href":"https:\/\/www.tv-tuningen.de\/index.php?rest_route=\/wp\/v2\/pages\/79","targetHints":{"allow":["GET"]}}],"collection":[{"href":"https:\/\/www.tv-tuningen.de\/index.php?rest_route=\/wp\/v2\/pages"}],"about":[{"href":"https:\/\/www.tv-tuningen.de\/index.php?rest_route=\/wp\/v2\/types\/page"}],"author":[{"embeddable":true,"href":"https:\/\/www.tv-tuningen.de\/index.php?rest_route=\/wp\/v2\/users\/2"}],"replies":[{"embeddable":true,"href":"https:\/\/www.tv-tuningen.de\/index.php?rest_route=%2Fwp%2Fv2%2Fcomments&post=79"}],"version-history":[{"count":11,"href":"https:\/\/www.tv-tuningen.de\/index.php?rest_route=\/wp\/v2\/pages\/79\/revisions"}],"predecessor-version":[{"id":2331,"href":"https:\/\/www.tv-tuningen.de\/index.php?rest_route=\/wp\/v2\/pages\/79\/revisions\/2331"}],"up":[{"embeddable":true,"href":"https:\/\/www.tv-tuningen.de\/index.php?rest_route=\/wp\/v2\/pages\/9"}],"wp:attachment":[{"href":"https:\/\/www.tv-tuningen.de\/index.php?rest_route=%2Fwp%2Fv2%2Fmedia&parent=79"}],"curies":[{"name":"wp","href":"https:\/\/api.w.org\/{rel}","templated":true}]}}