{"id":23,"date":"2012-02-25T18:47:27","date_gmt":"2012-02-25T18:47:27","guid":{"rendered":"http:\/\/www.tv-tuningen.de\/?page_id=23"},"modified":"2025-08-21T13:23:36","modified_gmt":"2025-08-21T13:23:36","slug":"mitglied-werden","status":"publish","type":"page","link":"https:\/\/www.tv-tuningen.de\/?page_id=23","title":{"rendered":"Mitglied werden"},"content":{"rendered":"<p><a href=\"https:\/\/www.tv-tuningen.de\/wp-content\/uploads\/2025\/07\/Mitgliedsantrag_Stand_07-2025.pdf\"><img loading=\"lazy\" decoding=\"async\" class=\"alignnone size-full wp-image-114\" title=\"aufnahmeantrag\" src=\"https:\/\/www.tv-tuningen.de\/wp-content\/uploads\/2025\/07\/Mitgliedsantrag_Stand_07-2025.jpg\" alt=\"\" width=\"141\" height=\"200\"><\/a><\/p>\n<p>Bitte auf das obige Dokument klicken, um den Aufnahme-Antrag herunterzuladen (PDF)<\/p>\n<p>Liebe Interessentin, lieber Interessent,<\/p>\n<p>vielen Dank f\u00fcr Ihr Interesse an einer Mitgliedschaft in unserem Verein.<\/p>\n<p>Wir hoffen, Sie konnten sich auf unserer Homepage ausreichend und komplett \u00fcber unseren Verein informieren. Egal ob Anf\u00e4nger, Hoppyspieler, Profi,&nbsp; Jung oder Alt, bei uns jeder willkommen. Auf 4 Sandpl\u00e4tzen k\u00f6nnen Sie der gelben Filskugel hinterher jagen.<\/p>\n<p>Selbstverst\u00e4ndlich kommt auch die Geselligkeit nicht zur kurz. Egal ob Ausflug, Vereinsmeisterschaft oder Gem\u00fctlicher Hock im Vereinsheim &#8211; das Vereinsleben ist in Takt.<\/p>\n<h1><span style=\"text-decoration: underline;\">Beitrags\u00fcbersicht<\/span><\/h1>\n<p><strong>Aufnahmegeb\u00fchren: Derzeit au\u00dfer Kraft gesetzt<\/strong><\/p>\n<p><strong>Jahresbeitr\u00e4ge<\/strong><\/p>\n<ul>\n<li>Erwachsene \u00fcber 18 Jahre:&nbsp;&nbsp;&nbsp; <strong>160 Euro<\/strong><\/li>\n<li>Ehepaare \/ eingetragene Lebenspartnerschaften:&nbsp;&nbsp;&nbsp; <strong>270 Euro<\/strong><\/li>\n<li>Familie (inkl. aller im Haushalt lebender Kinder bis 18 Jahre):&nbsp;&nbsp;&nbsp;&nbsp;<strong> 295 Euro<\/strong><\/li>\n<li>Kinder bis 14 Jahre:&nbsp;&nbsp;&nbsp; <strong>beitragsfrei<\/strong><\/li>\n<li>Jugendliche ab 14 Jahre, Auszubildende, und Studenten:&nbsp;&nbsp;&nbsp; <strong>80 Euro<\/strong><\/li>\n<li>Passive Mitgliedschaft:&nbsp;&nbsp;&nbsp; <strong>35 Euro<\/strong><\/li>\n<li>Passive Mitgliedschaft Ehepaare \/ eingetragene Lebenspartnerschaften:&nbsp; &nbsp; <strong>56 Euro<\/strong><\/li>\n<\/ul>\n<p><strong>Zweitmitgiedschaft<\/strong><\/p>\n<ul>\n<li>einzelnes Mitglied:&nbsp;<strong> 113 Euro<\/strong><\/li>\n<li>Ehepaare \/ eingetragene Lebenspartnerschaften: <strong>180 Euro<\/strong><\/li>\n<\/ul>\n<p><strong>Gastspielbeitr\u00e4ge<\/strong><br \/>\nDie Platzbenutzungsgeb\u00fchr beim Spielen mit einem Vereinsmitglied f\u00fcr passive Mitglieder und Gastspieler je Stunde uns Person betr\u00e4gt <strong>5 Euro<\/strong><\/p>\n<p><strong>Pflichtarbeitsstunden<\/strong><br \/>\nf\u00fcr aktive Mitglieder Mitglieder ab Vollendung des 18. Lebensjahres werden von der Mitgliederversammlung j\u00e4hrlich neu festgelegt. F\u00fcr Zweitmitglieder entfallen die Pflichtarbeitsstunden.<\/p>\n","protected":false},"excerpt":{"rendered":"<p>Bitte auf das obige Dokument klicken, um den Aufnahme-Antrag herunterzuladen (PDF) Liebe Interessentin, lieber Interessent, vielen Dank f\u00fcr Ihr Interesse an einer Mitgliedschaft in unserem Verein. Wir hoffen, Sie konnten sich auf unserer Homepage ausreichend und komplett \u00fcber unseren Verein &hellip; <a href=\"https:\/\/www.tv-tuningen.de\/?page_id=23\">Weiterlesen <span class=\"meta-nav\">&rarr;<\/span><\/a><\/p>\n","protected":false},"author":2,"featured_media":0,"parent":9,"menu_order":5,"comment_status":"closed","ping_status":"open","template":"sidebar-page.php","meta":{"ngg_post_thumbnail":0,"_mc_calendar":[],"footnotes":""},"class_list":["post-23","page","type-page","status-publish","hentry"],"_links":{"self":[{"href":"https:\/\/www.tv-tuningen.de\/index.php?rest_route=\/wp\/v2\/pages\/23","targetHints":{"allow":["GET"]}}],"collection":[{"href":"https:\/\/www.tv-tuningen.de\/index.php?rest_route=\/wp\/v2\/pages"}],"about":[{"href":"https:\/\/www.tv-tuningen.de\/index.php?rest_route=\/wp\/v2\/types\/page"}],"author":[{"embeddable":true,"href":"https:\/\/www.tv-tuningen.de\/index.php?rest_route=\/wp\/v2\/users\/2"}],"replies":[{"embeddable":true,"href":"https:\/\/www.tv-tuningen.de\/index.php?rest_route=%2Fwp%2Fv2%2Fcomments&post=23"}],"version-history":[{"count":39,"href":"https:\/\/www.tv-tuningen.de\/index.php?rest_route=\/wp\/v2\/pages\/23\/revisions"}],"predecessor-version":[{"id":2514,"href":"https:\/\/www.tv-tuningen.de\/index.php?rest_route=\/wp\/v2\/pages\/23\/revisions\/2514"}],"up":[{"embeddable":true,"href":"https:\/\/www.tv-tuningen.de\/index.php?rest_route=\/wp\/v2\/pages\/9"}],"wp:attachment":[{"href":"https:\/\/www.tv-tuningen.de\/index.php?rest_route=%2Fwp%2Fv2%2Fmedia&parent=23"}],"curies":[{"name":"wp","href":"https:\/\/api.w.org\/{rel}","templated":true}]}}