{"id":19,"date":"2012-02-25T18:46:35","date_gmt":"2012-02-25T18:46:35","guid":{"rendered":"http:\/\/www.tv-tuningen.de\/?page_id=19"},"modified":"2018-05-18T08:45:06","modified_gmt":"2018-05-18T08:45:06","slug":"tennisjugend","status":"publish","type":"page","link":"https:\/\/www.tv-tuningen.de\/?page_id=19","title":{"rendered":"Tennisjugend"},"content":{"rendered":"<p><strong>Immer herein spaziert<\/strong><\/p>\n<p><a href=\"https:\/\/www.tv-tuningen.de\/wp-content\/uploads\/2012\/02\/jugend.jpg\" rel=\"lightbox[19]\"><img loading=\"lazy\" decoding=\"async\" class=\"alignnone size-full wp-image-130\" title=\"jugend\" src=\"https:\/\/www.tv-tuningen.de\/wp-content\/uploads\/2012\/02\/jugend.jpg\" alt=\"\" width=\"450\" height=\"200\" srcset=\"https:\/\/www.tv-tuningen.de\/wp-content\/uploads\/2012\/02\/jugend.jpg 450w, https:\/\/www.tv-tuningen.de\/wp-content\/uploads\/2012\/02\/jugend-300x133.jpg 300w\" sizes=\"auto, (max-width: 450px) 100vw, 450px\" \/><\/a><\/p>\n<p>Die Jugendarbeit\u00a0 im Tennisverein Tuningen e.V. wird gro\u00df geschrieben.<\/p>\n<p>Der Spa\u00df am Umgang mit der gelben Filzkugel soll dabei im Vordergrund stehen.<\/p>\n<p>Damit das ganze auch richtig klappt, steht\u00a0den Kindern und Jugendlichen ein Vereinstrainer zur Verf\u00fcgung.<\/p>\n<p>Das Training findet einzeln oder in kleinen Gruppen (max. 4 Teilnehmer) statt. Diese werden je nach Alter und Spielst\u00e4rke der Kinder eingeteilt. Im Winter wird das Training in der Tuninger Sporthalle, in der Schwenninger oder der Spaichinger Tennishalle durchgef\u00fchrt.<\/p>\n<p>Aber auch au\u00dferhalb des Tennisplatzes werden Veranstaltungen f\u00fcr unsere jungen Mitglieder durchgef\u00fchrt. So stehen Ausfl\u00fcge, Spielnachmittage in der Sporthalle oder Grillabende ebenfalls mit auf dem Programm.<\/p>\n<p>Was genau gemacht wird, entscheiden die Jugendlichen selbst. Hierzu w\u00e4hlen sie alle zwei Jahre Vertreter in den Ausschuss des Hauptvereins, die die Jugendabteilung leiten und als Ansprechpartner fungieren.<\/p>\n<p>Des Weiteren nehmen unsere Jugend-Mannschaften an den Verbandsrundenspielen teil, wo die Kids gegen Vereine aus der n\u00e4heren Umgebung antreten. Hier k\u00f6nnen\u00a0 Matches mit den Klassenkameraden aus anderen Ortschaften ausgetragen oder neue Kontakte gekn\u00fcpft werden.<\/p>\n","protected":false},"excerpt":{"rendered":"<p>Immer herein spaziert Die Jugendarbeit\u00a0 im Tennisverein Tuningen e.V. wird gro\u00df geschrieben. Der Spa\u00df am Umgang mit der gelben Filzkugel soll dabei im Vordergrund stehen. Damit das ganze auch richtig klappt, steht\u00a0den Kindern und Jugendlichen ein Vereinstrainer zur Verf\u00fcgung. Das &hellip; <a href=\"https:\/\/www.tv-tuningen.de\/?page_id=19\">Weiterlesen <span class=\"meta-nav\">&rarr;<\/span><\/a><\/p>\n","protected":false},"author":2,"featured_media":0,"parent":0,"menu_order":0,"comment_status":"closed","ping_status":"open","template":"sidebar-page.php","meta":{"ngg_post_thumbnail":0,"_mc_calendar":[],"footnotes":""},"class_list":["post-19","page","type-page","status-publish","hentry"],"_links":{"self":[{"href":"https:\/\/www.tv-tuningen.de\/index.php?rest_route=\/wp\/v2\/pages\/19","targetHints":{"allow":["GET"]}}],"collection":[{"href":"https:\/\/www.tv-tuningen.de\/index.php?rest_route=\/wp\/v2\/pages"}],"about":[{"href":"https:\/\/www.tv-tuningen.de\/index.php?rest_route=\/wp\/v2\/types\/page"}],"author":[{"embeddable":true,"href":"https:\/\/www.tv-tuningen.de\/index.php?rest_route=\/wp\/v2\/users\/2"}],"replies":[{"embeddable":true,"href":"https:\/\/www.tv-tuningen.de\/index.php?rest_route=%2Fwp%2Fv2%2Fcomments&post=19"}],"version-history":[{"count":8,"href":"https:\/\/www.tv-tuningen.de\/index.php?rest_route=\/wp\/v2\/pages\/19\/revisions"}],"predecessor-version":[{"id":131,"href":"https:\/\/www.tv-tuningen.de\/index.php?rest_route=\/wp\/v2\/pages\/19\/revisions\/131"}],"wp:attachment":[{"href":"https:\/\/www.tv-tuningen.de\/index.php?rest_route=%2Fwp%2Fv2%2Fmedia&parent=19"}],"curies":[{"name":"wp","href":"https:\/\/api.w.org\/{rel}","templated":true}]}}