{"id":11,"date":"2012-02-25T18:46:05","date_gmt":"2012-02-25T18:46:05","guid":{"rendered":"http:\/\/www.tv-tuningen.de\/?page_id=11"},"modified":"2022-08-31T10:31:44","modified_gmt":"2022-08-31T10:31:44","slug":"anlage","status":"publish","type":"page","link":"https:\/\/www.tv-tuningen.de\/?page_id=11","title":{"rendered":"Anlage"},"content":{"rendered":"<p><a href=\"https:\/\/www.tv-tuningen.de\/wp-content\/uploads\/2022\/08\/Bild_Tennisanlage.jpg\" rel=\"lightbox[11]\"><img loading=\"lazy\" decoding=\"async\" class=\"alignnone size-full wp-image-98\" title=\"anlage_dr1\" src=\"https:\/\/www.tv-tuningen.de\/wp-content\/uploads\/2022\/08\/Bild_Tennisanlage_klein.jpg\" alt=\"\" width=\"400\" height=\"450\"><\/a><br \/>\n<a href=\"https:\/\/www.tv-tuningen.de\/wp-content\/uploads\/2022\/08\/Bild_Tennisanlage2.jpg\" rel=\"lightbox[11]\"><img loading=\"lazy\" decoding=\"async\" class=\"alignnone size-full wp-image-98\" title=\"anlage_dr2\" src=\"https:\/\/www.tv-tuningen.de\/wp-content\/uploads\/2022\/08\/Bild_Tennisanlage2_klein.jpg\" alt=\"\" width=\"400\" height=\"450\"><\/a><br \/>\n<a href=\"https:\/\/www.tv-tuningen.de\/wp-content\/uploads\/2012\/02\/anlage.jpg\" rel=\"lightbox[11]\"><img loading=\"lazy\" decoding=\"async\" class=\"alignnone size-full wp-image-98\" title=\"anlage\" src=\"https:\/\/www.tv-tuningen.de\/wp-content\/uploads\/2012\/02\/anlage.jpg\" alt=\"\" width=\"400\" height=\"450\" srcset=\"https:\/\/www.tv-tuningen.de\/wp-content\/uploads\/2012\/02\/anlage.jpg 400w, https:\/\/www.tv-tuningen.de\/wp-content\/uploads\/2012\/02\/anlage-266x300.jpg 266w\" sizes=\"auto, (max-width: 400px) 100vw, 400px\" \/><\/a><br \/>\n<a href=\"https:\/\/www.tv-tuningen.de\/wp-content\/uploads\/2012\/02\/anlage_flutlicht.jpg\" rel=\"lightbox[11]\"><img loading=\"lazy\" decoding=\"async\" class=\"alignnone size-full wp-image-214\" title=\"anlage_flutlicht\" src=\"https:\/\/www.tv-tuningen.de\/wp-content\/uploads\/2012\/02\/anlage_flutlicht.jpg\" alt=\"\" width=\"400\" height=\"263\" srcset=\"https:\/\/www.tv-tuningen.de\/wp-content\/uploads\/2012\/02\/anlage_flutlicht.jpg 400w, https:\/\/www.tv-tuningen.de\/wp-content\/uploads\/2012\/02\/anlage_flutlicht-300x197.jpg 300w\" sizes=\"auto, (max-width: 400px) 100vw, 400px\" \/><\/a><\/p>\n<p>Vier Sandpl\u00e4tze stehen zum Spielen auf unserer Anlage zur Verf\u00fcgung. Alles was man tun muss, ist seine Tennisschuhe anzuziehen und los geht&#8217;s. Auf jedem der Pl\u00e4tze kann man ungest\u00f6rt der gelben Filskugel hinterher jagen und seinen Gegner ins Schwitzen bringen.<\/p>\n<p>Abgerundet wird das ganze durch unser neues &#8211; anno 1998 und 1999 &#8211; erbautes Tennisheim. Egal, ob man die idealen Bedingungen zum Tennisspielen nutzen m\u00f6chte oder nur zum Zuschauen bzw. zur Einkehr vorbei kommt: F\u00fcr einen gem\u00fctlichen und angenehmen Aufenthalt ist stets gesorgt.<\/p>\n<p>Die Sonnenterrasse auf der Westseite mit ausreichenden Sitzgelegenheiten l\u00e4dt nicht nur zum Zuschauen, sondern auch zu einem gem\u00fctlichen Hock ein.W\u00e4hrend die einen ihr k\u00fchles Getr\u00e4nk genie\u00dfen, schwitzen die anderen auf den Pl\u00e4tzen.<\/p>\n<p>Auf Platz 1 spielt man eher etwas ungest\u00f6rt ist, w\u00e4hrend es auf den drei Pl\u00e4tzen voll zur Sache gehen kann.<\/p>\n<p>Seit Sommer 2011 besteht zudem die M\u00f6glichkeit unter der neu installierten Flutlichtanlage auf den Pl\u00e4tzen 2 bis 4 bis sp\u00e4t in die Abendstunden zu spielen.<\/p>\n<p>Einige machen es aber auch ganz anders: Sie setzen sich lieber in den gro\u00dfen, k\u00fchlen Aufenthaltsraum unseres Vereinsheims, um nach dem Spiel wieder zu Kr\u00e4ften zu kommen oder sie leisten erst mal Vorarbeit, bevor Sie sich die B\u00e4lle um die Ohren hauen.<\/p>\n","protected":false},"excerpt":{"rendered":"<p>Vier Sandpl\u00e4tze stehen zum Spielen auf unserer Anlage zur Verf\u00fcgung. Alles was man tun muss, ist seine Tennisschuhe anzuziehen und los geht&#8217;s. Auf jedem der Pl\u00e4tze kann man ungest\u00f6rt der gelben Filskugel hinterher jagen und seinen Gegner ins Schwitzen bringen. &hellip; <a href=\"https:\/\/www.tv-tuningen.de\/?page_id=11\">Weiterlesen <span class=\"meta-nav\">&rarr;<\/span><\/a><\/p>\n","protected":false},"author":2,"featured_media":0,"parent":9,"menu_order":2,"comment_status":"closed","ping_status":"open","template":"sidebar-page.php","meta":{"ngg_post_thumbnail":0,"_mc_calendar":[],"footnotes":""},"class_list":["post-11","page","type-page","status-publish","hentry"],"_links":{"self":[{"href":"https:\/\/www.tv-tuningen.de\/index.php?rest_route=\/wp\/v2\/pages\/11","targetHints":{"allow":["GET"]}}],"collection":[{"href":"https:\/\/www.tv-tuningen.de\/index.php?rest_route=\/wp\/v2\/pages"}],"about":[{"href":"https:\/\/www.tv-tuningen.de\/index.php?rest_route=\/wp\/v2\/types\/page"}],"author":[{"embeddable":true,"href":"https:\/\/www.tv-tuningen.de\/index.php?rest_route=\/wp\/v2\/users\/2"}],"replies":[{"embeddable":true,"href":"https:\/\/www.tv-tuningen.de\/index.php?rest_route=%2Fwp%2Fv2%2Fcomments&post=11"}],"version-history":[{"count":17,"href":"https:\/\/www.tv-tuningen.de\/index.php?rest_route=\/wp\/v2\/pages\/11\/revisions"}],"predecessor-version":[{"id":2369,"href":"https:\/\/www.tv-tuningen.de\/index.php?rest_route=\/wp\/v2\/pages\/11\/revisions\/2369"}],"up":[{"embeddable":true,"href":"https:\/\/www.tv-tuningen.de\/index.php?rest_route=\/wp\/v2\/pages\/9"}],"wp:attachment":[{"href":"https:\/\/www.tv-tuningen.de\/index.php?rest_route=%2Fwp%2Fv2%2Fmedia&parent=11"}],"curies":[{"name":"wp","href":"https:\/\/api.w.org\/{rel}","templated":true}]}}